{"id":697,"date":"2016-12-17T21:20:10","date_gmt":"2016-12-17T20:20:10","guid":{"rendered":"http:\/\/www.parolesdetraverse.fr\/?page_id=697"},"modified":"2023-01-13T10:42:22","modified_gmt":"2023-01-13T09:42:22","slug":"contact","status":"publish","type":"page","link":"http:\/\/www.parolesdetraverse.fr\/?page_id=697","title":{"rendered":"Contact"},"content":{"rendered":"<p><span style=\"font-size: 14pt;\"><em>En raison de nombreux messages ind\u00e9sirables, la possibilit\u00e9 d&rsquo;ajouter des commentaires, indiqu\u00e9e ci-dessous, est momentan\u00e9ment suspendue. Si vous souhaitez communiquer avec l&rsquo;auteur du blog, vous pouvez le faire en \u00e9crivant \u00e0 <span style=\"color: #3366ff;\">etiennelang29@free.fr<\/span><\/em><\/span><\/p>\n<p>Si vous voulez adresser un message au r\u00e9dacteur de ce blog, \u00e9crivez dans la partie commentaire de cette page.<\/p>\n<p>Indiquez si votre message doit rester priv\u00e9 ou s\u2019il peut \u00eatre publi\u00e9.<\/p>\n<p>Vous pouvez aussi laisser un commentaire \u00e0 la suite de chaque article.<\/p>\n<p>Tous les messages et commentaires passent par le mod\u00e9rateur (le r\u00e9dacteur du blog lui-m\u00eame) avant d&rsquo;\u00eatre publi\u00e9s.<\/p>\n<p>Dans tous les cas, votre adresse mail n&rsquo;appara\u00eet pas, seul appara\u00eet votre nom ou votre pseudo.<\/p>\n","protected":false},"excerpt":{"rendered":"<p>En raison de nombreux messages ind\u00e9sirables, la possibilit\u00e9 d&rsquo;ajouter des commentaires, indiqu\u00e9e ci-dessous, est momentan\u00e9ment suspendue. Si vous souhaitez communiquer avec l&rsquo;auteur du blog, vous pouvez le faire en \u00e9crivant \u00e0 etiennelang29@free.fr Si vous voulez adresser un message au r\u00e9dacteur &hellip; <a href=\"http:\/\/www.parolesdetraverse.fr\/?page_id=697\">Continuer la lecture <span class=\"meta-nav\">&rarr;<\/span><\/a><\/p>\n","protected":false},"author":1,"featured_media":0,"parent":0,"menu_order":0,"comment_status":"closed","ping_status":"closed","template":"","meta":{"footnotes":""},"class_list":["post-697","page","type-page","status-publish","hentry"],"_links":{"self":[{"href":"http:\/\/www.parolesdetraverse.fr\/index.php?rest_route=\/wp\/v2\/pages\/697","targetHints":{"allow":["GET"]}}],"collection":[{"href":"http:\/\/www.parolesdetraverse.fr\/index.php?rest_route=\/wp\/v2\/pages"}],"about":[{"href":"http:\/\/www.parolesdetraverse.fr\/index.php?rest_route=\/wp\/v2\/types\/page"}],"author":[{"embeddable":true,"href":"http:\/\/www.parolesdetraverse.fr\/index.php?rest_route=\/wp\/v2\/users\/1"}],"replies":[{"embeddable":true,"href":"http:\/\/www.parolesdetraverse.fr\/index.php?rest_route=%2Fwp%2Fv2%2Fcomments&post=697"}],"version-history":[{"count":19,"href":"http:\/\/www.parolesdetraverse.fr\/index.php?rest_route=\/wp\/v2\/pages\/697\/revisions"}],"predecessor-version":[{"id":1398,"href":"http:\/\/www.parolesdetraverse.fr\/index.php?rest_route=\/wp\/v2\/pages\/697\/revisions\/1398"}],"wp:attachment":[{"href":"http:\/\/www.parolesdetraverse.fr\/index.php?rest_route=%2Fwp%2Fv2%2Fmedia&parent=697"}],"curies":[{"name":"wp","href":"https:\/\/api.w.org\/{rel}","templated":true}]}}