{"id":934,"date":"2018-11-02T17:54:43","date_gmt":"2018-11-02T16:54:43","guid":{"rendered":"http:\/\/www.parolesdetraverse.fr\/?page_id=934"},"modified":"2023-01-18T10:43:12","modified_gmt":"2023-01-18T09:43:12","slug":"concarneau","status":"publish","type":"page","link":"https:\/\/www.parolesdetraverse.fr\/?page_id=934","title":{"rendered":"Concarneau 2020"},"content":{"rendered":"<p style=\"text-align: center;\"><span style=\"font-size: 14pt;\">Elections municipales 2020 \u00e0 Concarneau. <em>Paroles de traverses<\/em> soutient et participe \u00e0 la liste :<br \/>\n<\/span><\/p>\n<p style=\"text-align: center;\"><a href=\"https:\/\/csd.bzh\/\"><span style=\"font-size: 24pt;\">Concarneau solidaire et durable<\/span><\/a><\/p>\n<p style=\"text-align: center;\"><a href=\"http:\/\/www.parolesdetraverse.fr\/wp-content\/uploads\/2022\/12\/logo-csd.jpg\"><img loading=\"lazy\" decoding=\"async\" class=\"size-full wp-image-1323 aligncenter\" src=\"http:\/\/www.parolesdetraverse.fr\/wp-content\/uploads\/2022\/12\/logo-csd.jpg\" alt=\"\" width=\"271\" height=\"196\" \/><span style=\"color: #000000;\">&#8212;&#8212;&#8212;&#8212;&#8212;&#8212;&#8212;&#8212;&#8212;&#8212;&#8212;&#8212;&#8212;&#8212;&#8212;&#8212;&#8212;&#8212;&#8212;&#8212;&#8212;&#8212;&#8212;&#8212;&#8212;&#8212;&#8212;&#8212;&#8212;&#8212;&#8212;&#8212;&#8212;&#8212;&#8212;&#8212;&#8212;&#8212;&#8211;<\/span><\/a><\/p>\n<p style=\"text-align: justify;\"><span style=\"font-size: 12pt; font-family: comic sans ms, sans-serif;\">J&rsquo;ai collabor\u00e9 \u00e0 la r\u00e9daction du site de l&rsquo;association <a href=\"https:\/\/www.assocornouaille.com\/\">\u00ab\u00a0Asso-Cornouaille\u00a0\u00bb<\/a>, consacr\u00e9 aux questions d&rsquo;urbanisme de l&rsquo;agglom\u00e9ration de Concarneau. <\/span><span style=\"font-size: 12pt; font-family: comic sans ms, sans-serif;\">Sont ici repris les chapeaux des articles que j&rsquo;ai publi\u00e9s sur ce site ainsi que les liens-titres pour les retrouver. Mes contributions couvrent la p\u00e9riode 2016-2018.<\/span><\/p>\n<hr \/>\n<article class=\"post\" data-wow-delay=\"0.4s\">\n<header class=\"entry-header\">\n<p style=\"text-align: left;\">1<strong>6 novembre 2018<\/strong><\/p>\n<h3 style=\"text-align: left;\"><span style=\"font-size: 14pt;\"><a href=\"https:\/\/www.assocornouaille.com\/concarneau-en-fauteuil-roulant-interview\/\">Concarneau en fauteuil roulant. Interview<\/a><\/span><\/h3>\n<\/header>\n<figure class=\"post-thumbnail\"><a class=\"post-thumbnail\" href=\"https:\/\/www.assocornouaille.com\/concarneau-en-fauteuil-roulant-interview\/\"><img loading=\"lazy\" decoding=\"async\" class=\"img-responsive wp-post-image jetpack-lazy-image jetpack-lazy-image--handled\" src=\"https:\/\/www.assocornouaille.com\/wp-content\/uploads\/2018\/11\/1-500.jpg\" sizes=\"auto, (max-width: 500px) 100vw, 500px\" srcset=\"https:\/\/i2.wp.com\/www.assocornouaille.com\/wp-content\/uploads\/2018\/11\/1-500.jpg?w=500&amp;ssl=1 500w, https:\/\/i2.wp.com\/www.assocornouaille.com\/wp-content\/uploads\/2018\/11\/1-500.jpg?resize=300%2C200&amp;ssl=1 300w\" alt=\"Concarneau en fauteuil roulant. Interview\" width=\"287\" height=\"193\" data-attachment-id=\"1012\" data-permalink=\"https:\/\/www.assocornouaille.com\/1-500\/\" data-orig-file=\"https:\/\/i2.wp.com\/www.assocornouaille.com\/wp-content\/uploads\/2018\/11\/1-500.jpg?fit=500%2C333&amp;ssl=1\" data-orig-size=\"500,333\" data-comments-opened=\"0\" data-image-meta=\"{&quot;aperture&quot;:&quot;3.3&quot;,&quot;credit&quot;:&quot;&quot;,&quot;camera&quot;:&quot;DMC-TZ30&quot;,&quot;caption&quot;:&quot;&quot;,&quot;created_timestamp&quot;:&quot;1542130973&quot;,&quot;copyright&quot;:&quot;&quot;,&quot;focal_length&quot;:&quot;4.3&quot;,&quot;iso&quot;:&quot;320&quot;,&quot;shutter_speed&quot;:&quot;0.004&quot;,&quot;title&quot;:&quot;&quot;,&quot;orientation&quot;:&quot;1&quot;}\" data-image-title=\"1 500\" data-image-description=\"\" data-medium-file=\"https:\/\/i2.wp.com\/www.assocornouaille.com\/wp-content\/uploads\/2018\/11\/1-500.jpg?fit=300%2C200&amp;ssl=1\" data-large-file=\"https:\/\/i2.wp.com\/www.assocornouaille.com\/wp-content\/uploads\/2018\/11\/1-500.jpg?fit=500%2C333&amp;ssl=1\" data-lazy-loaded=\"1\" \/><\/a><\/figure>\n<div class=\"entry-content\">\n<p>La premi\u00e8re loi sur l\u2019accessibilit\u00e9 des lieux publics est vot\u00e9e en 1975 en France. Faute d\u2019empressement, il en faudra une deuxi\u00e8me, trente ans apr\u00e8s, en 2005, pour enfoncer le clou. Toujours trop peu appliqu\u00e9e 13 ans apr\u00e8s\u2026 \u00a0Qu\u2019en est-il \u00e0 Concarneau, en 2018, quant \u00e0 l\u2019accessibilit\u00e9 de la voirie et des lieux recevant du public, pour les personnes \u00e0 mobilit\u00e9 r\u00e9duite?<\/p>\n<p>Asso-Cornouaille a interrog\u00e9 Marie-No\u00eblle, une Concarnoise de souche. <a class=\"more-link\" href=\"https:\/\/www.assocornouaille.com\/concarneau-en-fauteuil-roulant-interview\/#more-1007\">Lire la suite<\/a><\/p>\n<\/div>\n<\/article>\n<p><span style=\"font-family: helvetica, arial, sans-serif; color: #000000;\"><strong>30 mars 2018<\/strong> <\/span><\/p>\n<h3 style=\"text-align: center;\"><span style=\"font-size: 12pt;\"><a href=\"https:\/\/www.assocornouaille.com\/quel-amenagement-pour-le-quartier-place-general-de-gaulle-rue-dumont-durville\/\"><span style=\"font-size: 14pt;\">Quel am\u00e9nagement pour le quartier place G\u00e9n\u00e9ral de Gaulle \u2013 rue Dumont d\u2019Urville ?<\/span><\/a><\/span><\/h3>\n<p style=\"text-align: justify;\"><img loading=\"lazy\" decoding=\"async\" class=\"img-responsive wp-post-image jetpack-lazy-image--handled aligncenter\" src=\"https:\/\/www.assocornouaille.com\/wp-content\/uploads\/2018\/03\/DU-pano-1200.jpg\" sizes=\"auto, (max-width: 1200px) 100vw, 1200px\" srcset=\"https:\/\/i2.wp.com\/www.assocornouaille.com\/wp-content\/uploads\/2018\/03\/DU-pano-1200.jpg?w=1200&amp;ssl=1 1200w, https:\/\/i2.wp.com\/www.assocornouaille.com\/wp-content\/uploads\/2018\/03\/DU-pano-1200.jpg?resize=300%2C130&amp;ssl=1 300w, https:\/\/i2.wp.com\/www.assocornouaille.com\/wp-content\/uploads\/2018\/03\/DU-pano-1200.jpg?resize=768%2C332&amp;ssl=1 768w, https:\/\/i2.wp.com\/www.assocornouaille.com\/wp-content\/uploads\/2018\/03\/DU-pano-1200.jpg?resize=1024%2C442&amp;ssl=1 1024w\" alt=\"Quel am\u00e9nagement pour le quartier place G\u00e9n\u00e9ral de Gaulle \u2013 rue Dumont d\u2019Urville ?\" width=\"401\" height=\"178\" data-attachment-id=\"842\" data-permalink=\"https:\/\/www.assocornouaille.com\/quel-amenagement-pour-le-quartier-place-general-de-gaulle-rue-dumont-durville\/du-pano-1200\/\" data-orig-file=\"https:\/\/i2.wp.com\/www.assocornouaille.com\/wp-content\/uploads\/2018\/03\/DU-pano-1200.jpg?fit=1200%2C518&amp;ssl=1\" data-orig-size=\"1200,518\" data-comments-opened=\"0\" data-image-meta=\"{&quot;aperture&quot;:&quot;0&quot;,&quot;credit&quot;:&quot;&quot;,&quot;camera&quot;:&quot;&quot;,&quot;caption&quot;:&quot;&quot;,&quot;created_timestamp&quot;:&quot;0&quot;,&quot;copyright&quot;:&quot;&quot;,&quot;focal_length&quot;:&quot;0&quot;,&quot;iso&quot;:&quot;0&quot;,&quot;shutter_speed&quot;:&quot;0&quot;,&quot;title&quot;:&quot;&quot;,&quot;orientation&quot;:&quot;0&quot;}\" data-image-title=\"DU pano 1200\" data-image-description=\"\" data-medium-file=\"https:\/\/i2.wp.com\/www.assocornouaille.com\/wp-content\/uploads\/2018\/03\/DU-pano-1200.jpg?fit=300%2C130&amp;ssl=1\" data-large-file=\"https:\/\/i2.wp.com\/www.assocornouaille.com\/wp-content\/uploads\/2018\/03\/DU-pano-1200.jpg?fit=696%2C300&amp;ssl=1\" data-lazy-loaded=\"1\" \/>Le texte qui suit a \u00e9t\u00e9 r\u00e9dig\u00e9 \u00e0 l\u2019occasion de la consultation municipale sur le r\u00e9am\u00e9nagement du centre-ville, organis\u00e9e au mois de mars 2018. Une premi\u00e8re partie introduit \u00e0 la probl\u00e9matique du centre-ville. Une seconde pr\u00e9sente une s\u00e9rie de propositions concr\u00e8tes. Un sch\u00e9ma compl\u00e8te le dossier. <a href=\"https:\/\/www.assocornouaille.com\/quel-amenagement-pour-le-quartier-place-general-de-gaulle-rue-dumont-durville\/#more-835\">Lire la suite<\/a><\/p>\n<p>&#8212;&#8212;&#8212;&#8212;&#8212;&#8212;&#8212;&#8212;&#8212;&#8212;&#8212;&#8212;&#8212;&#8212;&#8212;&#8212;&#8212;&#8212;&#8212;&#8212;&#8212;&#8212;&#8212;&#8212;&#8212;&#8212;&#8212;&#8212;&#8212;&#8212;&#8212;&#8212;&#8212;&#8212;&#8212;&#8212;&#8212;-<\/p>\n<p><strong>1er novembre 2017<br \/>\n<\/strong><\/p>\n<p style=\"text-align: center;\"><span style=\"background-color: #ffffff;\"><strong><a style=\"background-color: #ffffff;\" href=\"https:\/\/www.assocornouaille.com\/fermeture-dintermarche-quai-carnot-les-mousquetaires-laissent-clients-et-employes-sur-le-carreau\/\"><span style=\"font-size: 14pt; background-color: #ffffff;\">FERMETURE D&rsquo;INTERMARCHE QUAI CARNOT : LES MOUSQUETAIRES LAISSENT CLIENTS ET EMPLOYES SUR LE CARREAU<\/span><\/a><\/strong><\/span><\/p>\n<p style=\"text-align: justify;\"><strong><img loading=\"lazy\" decoding=\"async\" class=\"img-responsive wp-post-image jetpack-lazy-image--handled alignright\" src=\"https:\/\/www.assocornouaille.com\/wp-content\/uploads\/2017\/11\/999.jpg\" sizes=\"auto, (max-width: 1052px) 100vw, 1052px\" srcset=\"https:\/\/i0.wp.com\/www.assocornouaille.com\/wp-content\/uploads\/2017\/11\/999.jpg?w=1052&amp;ssl=1 1052w, https:\/\/i0.wp.com\/www.assocornouaille.com\/wp-content\/uploads\/2017\/11\/999.jpg?resize=300%2C247&amp;ssl=1 300w, https:\/\/i0.wp.com\/www.assocornouaille.com\/wp-content\/uploads\/2017\/11\/999.jpg?resize=768%2C632&amp;ssl=1 768w, https:\/\/i0.wp.com\/www.assocornouaille.com\/wp-content\/uploads\/2017\/11\/999.jpg?resize=1024%2C843&amp;ssl=1 1024w\" alt=\"Fermeture d\u2019Intermarch\u00e9 Quai Carnot : Les Mousquetaires laissent clients et employ\u00e9s sur le carreau\" width=\"208\" height=\"173\" data-attachment-id=\"691\" data-permalink=\"https:\/\/www.assocornouaille.com\/fermeture-dintermarche-quai-carnot-les-mousquetaires-laissent-clients-et-employes-sur-le-carreau\/attachment\/999\/\" data-orig-file=\"https:\/\/i0.wp.com\/www.assocornouaille.com\/wp-content\/uploads\/2017\/11\/999.jpg?fit=1052%2C866&amp;ssl=1\" data-orig-size=\"1052,866\" data-comments-opened=\"1\" data-image-meta=\"{&quot;aperture&quot;:&quot;0&quot;,&quot;credit&quot;:&quot;&quot;,&quot;camera&quot;:&quot;&quot;,&quot;caption&quot;:&quot;&quot;,&quot;created_timestamp&quot;:&quot;0&quot;,&quot;copyright&quot;:&quot;&quot;,&quot;focal_length&quot;:&quot;0&quot;,&quot;iso&quot;:&quot;0&quot;,&quot;shutter_speed&quot;:&quot;0&quot;,&quot;title&quot;:&quot;&quot;,&quot;orientation&quot;:&quot;0&quot;}\" data-image-title=\"999\" data-image-description=\"\" data-medium-file=\"https:\/\/i0.wp.com\/www.assocornouaille.com\/wp-content\/uploads\/2017\/11\/999.jpg?fit=300%2C247&amp;ssl=1\" data-large-file=\"https:\/\/i0.wp.com\/www.assocornouaille.com\/wp-content\/uploads\/2017\/11\/999.jpg?fit=696%2C573&amp;ssl=1\" data-lazy-loaded=\"1\" \/>20 f\u00e9vrier 2018, Intermarch\u00e9, suite.<\/strong> Deux mois et demi apr\u00e8s la fermeture de l\u2019Intermarch\u00e9 de Concarneau, o\u00f9 en est le personnel licenci\u00e9\u00a0? Sur les 19 salari\u00e9s, tr\u00e8s peu ont retrouv\u00e9 un emploi. Le directeur et trois responsables de rayon sont dans l\u2019attente d\u2019un CDI dans diff\u00e9rents Intermarch\u00e9s et Leclerc plus ou moins proches,\u00a0tandis qu\u2019une \u00ab\u00a0h\u00f4tesse de caisse\u00a0\u00bb est en int\u00e9rim. Comme le confie une ancienne employ\u00e9e\u00a0: \u00ab\u00a0<em>D\u2019autre profitent de ce <\/em>\u00ab\u00a0<em>r\u00e9pit <\/em>\u00ab\u00a0<em> pour se perfectionner<\/em>\u00a0\u00bb \u00e0 travers diverses formations. Elle ajoute\u00a0: \u00ab\u00a0<em>Je sais aussi que certaines ont beaucoup de mal \u00e0 rebondir et \u00e0 envisager un avenir. Quant \u00e0 certaines, elles ont coup\u00e9 les ponts avec tout le monde. Je suppose que c\u2019est plus facile pour tourner la page<\/em>. \u00bb (&#8230;) <a class=\"more-link\" href=\"https:\/\/www.assocornouaille.com\/fermeture-dintermarche-quai-carnot-les-mousquetaires-laissent-clients-et-employes-sur-le-carreau\/#more-688\">Lire la suite<\/a><\/p>\n<p>&#8212;&#8212;&#8212;&#8212;&#8212;&#8212;&#8212;&#8212;&#8212;&#8212;&#8212;&#8212;&#8212;&#8212;&#8212;&#8212;&#8212;&#8212;&#8212;&#8212;&#8212;&#8212;&#8212;&#8212;&#8212;&#8212;&#8212;&#8212;&#8212;&#8212;&#8212;&#8212;&#8212;&#8212;&#8212;&#8212;&#8212;-<\/p>\n<p><strong>1er octobre 2017<\/strong><\/p>\n<p style=\"text-align: center;\"><a href=\"https:\/\/www.assocornouaille.com\/rue-victor-hugo-histoire-de-la-propriete-dite-kerdibab-plaidoyer-pour-sa-preservation\/\"><strong><span style=\"font-size: 12pt;\"><span style=\"font-size: 14pt;\">RUE VICTOR HUGO: HISTOIRE ET DEVENIR DE LA PROPRIETE DITE KERDIBAB<\/span><\/span><\/strong><\/a><\/p>\n<p style=\"text-align: justify;\"><img loading=\"lazy\" decoding=\"async\" class=\"wp-image-459 jetpack-lazy-image--handled alignright\" src=\"https:\/\/i1.wp.com\/www.netservices56.fr\/assocornouaille\/wp-content\/uploads\/2017\/10\/800-300x238.jpg?resize=195%2C155\" sizes=\"auto, (max-width: 195px) 100vw, 195px\" srcset=\"https:\/\/i1.wp.com\/www.assocornouaille.com\/wp-content\/uploads\/2017\/10\/800.jpg?resize=300%2C238&amp;ssl=1 300w, https:\/\/i1.wp.com\/www.assocornouaille.com\/wp-content\/uploads\/2017\/10\/800.jpg?resize=768%2C610&amp;ssl=1 768w, https:\/\/i1.wp.com\/www.assocornouaille.com\/wp-content\/uploads\/2017\/10\/800.jpg?w=800&amp;ssl=1 800w\" alt=\"\" width=\"206\" height=\"166\" data-attachment-id=\"459\" data-permalink=\"https:\/\/www.assocornouaille.com\/rue-victor-hugo-histoire-de-la-propriete-dite-kerdibab-plaidoyer-pour-sa-preservation\/attachment\/800\/\" data-orig-file=\"https:\/\/i1.wp.com\/www.assocornouaille.com\/wp-content\/uploads\/2017\/10\/800.jpg?fit=800%2C635&amp;ssl=1\" data-orig-size=\"800,635\" data-comments-opened=\"1\" data-image-meta=\"{&quot;aperture&quot;:&quot;0&quot;,&quot;credit&quot;:&quot;&quot;,&quot;camera&quot;:&quot;&quot;,&quot;caption&quot;:&quot;&quot;,&quot;created_timestamp&quot;:&quot;0&quot;,&quot;copyright&quot;:&quot;&quot;,&quot;focal_length&quot;:&quot;0&quot;,&quot;iso&quot;:&quot;0&quot;,&quot;shutter_speed&quot;:&quot;0&quot;,&quot;title&quot;:&quot;&quot;,&quot;orientation&quot;:&quot;0&quot;}\" data-image-title=\"800\" data-image-description=\"\" data-medium-file=\"https:\/\/i1.wp.com\/www.assocornouaille.com\/wp-content\/uploads\/2017\/10\/800.jpg?fit=300%2C238&amp;ssl=1\" data-large-file=\"https:\/\/i1.wp.com\/www.assocornouaille.com\/wp-content\/uploads\/2017\/10\/800.jpg?fit=696%2C552&amp;ssl=1\" data-recalc-dims=\"1\" data-lazy-loaded=\"1\" \/>Kerdibab\u00a0? C\u2019est le nom, dont l\u2019usage a \u00e9t\u00e9 perdu, de la propri\u00e9t\u00e9 constitu\u00e9e d\u2019une \u00ab\u00a0maison de ma\u00eetre\u00a0\u00bb et de son parc arbor\u00e9 qui est au centre d\u2019un conflit dans le quartier de la Corniche.<\/p>\n<p style=\"text-align: justify;\">Cette propri\u00e9t\u00e9, situ\u00e9e au milieu d\u2019un \u00eelot bord\u00e9 de 27 pavillons, entre les rues \u00a0Victor Hugo, Ernest Renan, Clemenceau, Bougainville et Guillou, est l\u2019objet, sur la moiti\u00e9 de sa surface, d\u2019un permis de construire un immeuble de 17 logements. Les riverains, avec Asso-Cornouaille, ont contest\u00e9 ce permis accord\u00e9 en juin 2016 par la municipalit\u00e9 de Concarneau : p\u00e9tition, recours gracieux, recours d\u00e9pos\u00e9 par quelques-uns devant le Tribunal administratif .<\/p>\n<p style=\"text-align: justify;\">L\u2019\u00e9tude qui suit a pour but d\u2019informer les riverains sur l\u2019histoire de leur quartier et d\u2019exposer les raisons qui militent en faveur de la protection de cette propri\u00e9t\u00e9. La premi\u00e8re partie, historique, traite de l\u2019urbanisation du quartier de la Corniche depuis le 19<sup>\u00e8me<\/sup> si\u00e8cle et de quelques-uns des occupants remarquables de Kerdibab. La deuxi\u00e8me partie expose l\u2019int\u00e9r\u00eat architectural de la propri\u00e9t\u00e9 et de son environnement.<\/p>\n<p>&#8212;&#8212;&#8212;&#8212;&#8212;&#8212;&#8212;&#8212;&#8212;&#8212;&#8212;&#8212;&#8212;&#8212;&#8212;&#8212;&#8212;&#8212;&#8212;&#8212;&#8212;&#8212;&#8212;&#8212;&#8212;&#8212;&#8212;&#8212;&#8212;&#8212;&#8212;&#8212;&#8212;&#8212;&#8212;&#8212;&#8212;&#8212;<\/p>\n<p>J&rsquo;ai apport\u00e9 une contribution, quant aux propositions d&rsquo;am\u00e9nagement du secteur, \u00e0 ce Livre blanc :<\/p>\n<p style=\"text-align: center;\"><a href=\"https:\/\/www.assocornouaille.com\/livre-blanc-lavenir-du-secteur-foch\/\"><strong>LIVRE BLANC : L&rsquo;AVENIR DU SECTEUR FOCH<\/strong><\/a><span class=\"author\">\u00a0<\/span><\/p>\n<figure class=\"post-thumbnail\"><img loading=\"lazy\" decoding=\"async\" class=\"img-responsive wp-post-image jetpack-lazy-image--handled aligncenter\" src=\"https:\/\/www.assocornouaille.com\/wp-content\/uploads\/2017\/03\/Capture-d\u2019e\u0301cran-2017-03-27-a\u0300-20.55.16.png\" sizes=\"auto, (max-width: 526px) 100vw, 526px\" srcset=\"https:\/\/i2.wp.com\/www.assocornouaille.com\/wp-content\/uploads\/2017\/03\/Capture-d\u2019e\u0301cran-2017-03-27-a\u0300-20.55.16.png?w=526&amp;ssl=1 526w, https:\/\/i2.wp.com\/www.assocornouaille.com\/wp-content\/uploads\/2017\/03\/Capture-d\u2019e\u0301cran-2017-03-27-a\u0300-20.55.16.png?resize=300%2C193&amp;ssl=1 300w\" alt=\"Livre Blanc \u2013 L\u2019Avenir du Secteur Foch\" width=\"272\" height=\"179\" data-attachment-id=\"374\" data-permalink=\"https:\/\/www.assocornouaille.com\/capture-decran-2017-03-27-a-20-55-16\/\" data-orig-file=\"https:\/\/i2.wp.com\/www.assocornouaille.com\/wp-content\/uploads\/2017\/03\/Capture-d\u2019e\u0301cran-2017-03-27-a\u0300-20.55.16.png?fit=526%2C339&amp;ssl=1\" data-orig-size=\"526,339\" data-comments-opened=\"1\" data-image-meta=\"{&quot;aperture&quot;:&quot;0&quot;,&quot;credit&quot;:&quot;&quot;,&quot;camera&quot;:&quot;&quot;,&quot;caption&quot;:&quot;&quot;,&quot;created_timestamp&quot;:&quot;0&quot;,&quot;copyright&quot;:&quot;&quot;,&quot;focal_length&quot;:&quot;0&quot;,&quot;iso&quot;:&quot;0&quot;,&quot;shutter_speed&quot;:&quot;0&quot;,&quot;title&quot;:&quot;&quot;,&quot;orientation&quot;:&quot;0&quot;}\" data-image-title=\"Secteur Foch\" data-image-description=\"\" data-medium-file=\"https:\/\/i2.wp.com\/www.assocornouaille.com\/wp-content\/uploads\/2017\/03\/Capture-d\u2019e\u0301cran-2017-03-27-a\u0300-20.55.16.png?fit=300%2C193&amp;ssl=1\" data-large-file=\"https:\/\/i2.wp.com\/www.assocornouaille.com\/wp-content\/uploads\/2017\/03\/Capture-d\u2019e\u0301cran-2017-03-27-a\u0300-20.55.16.png?fit=526%2C339&amp;ssl=1\" data-lazy-loaded=\"1\" \/><\/figure>\n<div class=\"entry-content\">\n<div class=\"page\" title=\"Page 4\">\n<div class=\"section\">\n<div class=\"layoutArea\">\n<div class=\"column\">\n<p style=\"text-align: left;\"><strong>T\u00e9l\u00e9charger : \u00a0<em><a href=\"http:\/\/www.assocornouaille.com\/wp-content\/uploads\/2017\/03\/livre_blanc_Foch.pdf.pdf\">livre_blanc_Foch.pdf<\/a><\/em><\/strong><\/p>\n<\/div>\n<\/div>\n<\/div>\n<\/div>\n<\/div>\n<p>&#8212;&#8212;&#8212;&#8212;&#8212;&#8212;&#8212;&#8212;&#8212;&#8212;&#8212;&#8212;&#8212;&#8212;&#8212;&#8212;&#8212;&#8212;&#8212;&#8212;&#8212;&#8212;&#8212;&#8212;&#8212;&#8212;&#8212;&#8212;&#8212;&#8212;&#8212;&#8212;&#8212;&#8212;&#8212;&#8212;&#8212;-<\/p>\n<p>9 d\u00e9cembre 2016<\/p>\n<h3 style=\"text-align: center;\"><a href=\"https:\/\/www.assocornouaille.com\/quel-concarneau-voulons-nous-1-plaidoyer-pour-une-ville-durable\/\"><span style=\"font-size: 12pt;\"><span style=\"font-size: 14pt;\"><span style=\"font-size: 18pt;\">Quel Concarneau voulons-nous ?<\/span> <\/span><\/span><\/a><\/h3>\n<h3><a href=\"https:\/\/www.assocornouaille.com\/quel-concarneau-voulons-nous-1-plaidoyer-pour-une-ville-durable\/\"><span style=\"font-size: 12pt;\"><span style=\"font-size: 14pt;\">(1) Plaidoyer pour une \u00abville durable\u00bb<\/span><\/span><\/a><\/h3>\n<p style=\"text-align: justify;\"><a href=\"http:\/\/www.parolesdetraverse.fr\/wp-content\/uploads\/2016\/11\/conc-1950-600.jpg\"><img loading=\"lazy\" decoding=\"async\" class=\" wp-image-624 alignleft\" src=\"http:\/\/www.parolesdetraverse.fr\/wp-content\/uploads\/2016\/11\/conc-1950-600-300x208.jpg\" alt=\"\" width=\"202\" height=\"144\" \/><\/a>\u00ab\u00a0Quel Concarneau voulons-nous\u00a0?\u00a0\u00bb est une r\u00e9flexion sur l\u2019urbanisme de notre commune. Elle interroge des probl\u00e9matiques qui sont, pour une large part, communes \u00e0 tous les espaces urbains, ruraux ou littoraux de France. C\u2019est la contribution personnelle d\u2019un membre d\u2019Asso-Cornouaille, qui n\u2019engage pas l\u2019association dans son ensemble. Cette contribution est constitu\u00e9e de trois moments : dans le premier, ici publi\u00e9, est examin\u00e9e la contradiction apparente entre exigence \u00e9cologique et d\u00e9fense du patrimoine. Une issue est point\u00e9e en direction d\u2019une \u00ab r\u00e9volution \u00bb dans la d\u00e9mocratie locale. <a href=\"https:\/\/www.assocornouaille.com\/quel-concarneau-voulons-nous-1-plaidoyer-pour-une-ville-durable\/#more-203\">Lire la suite<\/a><\/p>\n<h3><a href=\"https:\/\/www.assocornouaille.com\/quel-concarneau-voulons-nous-2-du-bon-usage-de-lespace-littoral\/\"><span style=\"font-size: 12pt;\"><span style=\"font-size: 14pt;\">(2) Du bon usage de l\u2019espace littoral<\/span><\/span><\/a><\/h3>\n<p style=\"text-align: justify;\"><a href=\"http:\/\/www.parolesdetraverse.fr\/wp-content\/uploads\/2016\/11\/port2.jpg\"><img loading=\"lazy\" decoding=\"async\" class=\" wp-image-639 alignleft\" src=\"http:\/\/www.parolesdetraverse.fr\/wp-content\/uploads\/2016\/11\/port2-300x197.jpg\" alt=\"\" width=\"204\" height=\"138\" \/><\/a>Second moment, appuy\u00e9 sur une analyse du projet de Concarneau Cornouaille Agglom\u00e9ration. Est explor\u00e9\u00a0le dilemme\u00a0de la croissance urbaine\u00a0qui oppose deux formes:\u00a0la forme extensive \u2013 l\u2019\u00e9talement des lotissements dans les zones AU (\u00e0 urbaniser)\u00a0et la forme\u00a0 intensive \u2013 la densification dans les zones U (urbanis\u00e9es) du PLU. La pression de la r\u00e9glementation tend \u00e0 la densification partout mais avec quelles cons\u00e9quences pour les paysages urbains du littoral\u00a0? <a href=\"https:\/\/www.assocornouaille.com\/quel-concarneau-voulons-nous-2-du-bon-usage-de-lespace-littoral\/#more-220\">Lire la suite<\/a><\/p>\n<h3><a href=\"https:\/\/www.assocornouaille.com\/quel-concarneau-voulons-nous-3-alternatives\/\"><span style=\"font-size: 12pt;\"><span style=\"font-size: 14pt;\">(3) Alternatives<\/span><\/span><\/a><\/h3>\n<p style=\"text-align: justify;\"><a href=\"http:\/\/www.parolesdetraverse.fr\/wp-content\/uploads\/2016\/11\/balise-verte.jpg\"><img loading=\"lazy\" decoding=\"async\" class=\" wp-image-635 alignleft\" src=\"http:\/\/www.parolesdetraverse.fr\/wp-content\/uploads\/2016\/11\/balise-verte-146x300.jpg\" alt=\"\" width=\"97\" height=\"189\" \/><\/a>Un territoire comme celui de Concarneau, \u00e0 la fois urbain, rural et littoral est une r\u00e9alit\u00e9 complexe et parfois contradictoire. Comment r\u00e9aliser un urbanisme qui puisse enrichir le v\u00e9cu de chacun et favoriser le \u00ab\u00a0vivre-ensemble\u00a0\u00bb\u00a0en d\u00e9passant ces contradictions? Dans ce troisi\u00e8me article, apr\u00e8s une discussion \u00ab\u00a0technique\u00bb\u00a0 d\u2019outils fournis par\u00a0 la loi existante, est \u00e9bauch\u00e9e une nouvelle vision de l\u2019urbanisme, soucieuse du \u00ab bien commun \u00bb et des personnes. <a href=\"https:\/\/www.assocornouaille.com\/quel-concarneau-voulons-nous-3-alternatives\/#more-254\">Lire la suite<\/a><\/p>\n<p>&nbsp;<\/p>\n<p>&nbsp;<\/p>\n","protected":false},"excerpt":{"rendered":"<p>Elections municipales 2020 \u00e0 Concarneau. Paroles de traverses soutient et participe \u00e0 la liste : Concarneau solidaire et durable &#8212;&#8212;&#8212;&#8212;&#8212;&#8212;&#8212;&#8212;&#8212;&#8212;&#8212;&#8212;&#8212;&#8212;&#8212;&#8212;&#8212;&#8212;&#8212;&#8212;&#8212;&#8212;&#8212;&#8212;&#8212;&#8212;&#8212;&#8212;&#8212;&#8212;&#8212;&#8212;&#8212;&#8212;&#8212;&#8212;&#8212;&#8212;&#8211; J&rsquo;ai collabor\u00e9 \u00e0 la r\u00e9daction du site de l&rsquo;association \u00ab\u00a0Asso-Cornouaille\u00a0\u00bb, consacr\u00e9 aux questions d&rsquo;urbanisme de l&rsquo;agglom\u00e9ration de Concarneau. Sont ici &hellip; <a href=\"https:\/\/www.parolesdetraverse.fr\/?page_id=934\">Continuer la lecture <span class=\"meta-nav\">&rarr;<\/span><\/a><\/p>\n","protected":false},"author":1,"featured_media":0,"parent":0,"menu_order":0,"comment_status":"closed","ping_status":"closed","template":"","meta":{"footnotes":""},"class_list":["post-934","page","type-page","status-publish","hentry"],"_links":{"self":[{"href":"https:\/\/www.parolesdetraverse.fr\/index.php?rest_route=\/wp\/v2\/pages\/934","targetHints":{"allow":["GET"]}}],"collection":[{"href":"https:\/\/www.parolesdetraverse.fr\/index.php?rest_route=\/wp\/v2\/pages"}],"about":[{"href":"https:\/\/www.parolesdetraverse.fr\/index.php?rest_route=\/wp\/v2\/types\/page"}],"author":[{"embeddable":true,"href":"https:\/\/www.parolesdetraverse.fr\/index.php?rest_route=\/wp\/v2\/users\/1"}],"replies":[{"embeddable":true,"href":"https:\/\/www.parolesdetraverse.fr\/index.php?rest_route=%2Fwp%2Fv2%2Fcomments&post=934"}],"version-history":[{"count":20,"href":"https:\/\/www.parolesdetraverse.fr\/index.php?rest_route=\/wp\/v2\/pages\/934\/revisions"}],"predecessor-version":[{"id":1438,"href":"https:\/\/www.parolesdetraverse.fr\/index.php?rest_route=\/wp\/v2\/pages\/934\/revisions\/1438"}],"wp:attachment":[{"href":"https:\/\/www.parolesdetraverse.fr\/index.php?rest_route=%2Fwp%2Fv2%2Fmedia&parent=934"}],"curies":[{"name":"wp","href":"https:\/\/api.w.org\/{rel}","templated":true}]}}